{"id":65,"date":"2020-11-11T10:51:37","date_gmt":"2020-11-11T09:51:37","guid":{"rendered":"http:\/\/www.medien-centrum-ellwangen.de\/www\/?page_id=65"},"modified":"2026-03-01T22:24:08","modified_gmt":"2026-03-01T21:24:08","slug":"mediadaten","status":"publish","type":"page","link":"https:\/\/www.medien-centrum-ellwangen.de\/www\/anzeigen\/mediadaten\/","title":{"rendered":"Unsere Mediadaten zum Download"},"content":{"rendered":"\n<p>Anzeigenpreisliste mit Kombi-Rabatten, Auflagen und Verbreitungsgebiet sowie Beispielgr\u00f6\u00dfen. Auf der letzten Seite finden Sie die Redaktions- und Anzeigenschlu\u0308sse je Amtsblatt. (Bei Feiertagen werden Annahmeschluss, Druck und Verteilungstermin in der Regel um einen Arbeitstag vorverlegt.)<\/p>\n\n\n\n<p>Damit Sie sich die PDF-Datei anschauen k\u00f6nnen, ben\u00f6tigen Sie den Acrobat Reader. <\/p>\n\n\n\n<div class=\"wp-block-columns is-layout-flex wp-container-core-columns-is-layout-9d6595d7 wp-block-columns-is-layout-flex\">\n<div class=\"wp-block-column is-layout-flow wp-block-column-is-layout-flow\">\n<div class=\"wp-block-columns is-layout-flex wp-container-core-columns-is-layout-9d6595d7 wp-block-columns-is-layout-flex\">\n<div class=\"wp-block-column is-layout-flow wp-block-column-is-layout-flow\" style=\"flex-basis:30%\">\n<figure class=\"wp-block-image size-large is-style-default\"><a href=\"https:\/\/www.medien-centrum-ellwangen.de\/www\/wp-content\/uploads\/2021\/04\/MCE_Preisliste_2021.pdf\" target=\"_blank\" rel=\"noopener noreferrer\"><img loading=\"lazy\" decoding=\"async\" width=\"200\" height=\"283\" src=\"https:\/\/www.medien-centrum-ellwangen.de\/www\/wp-content\/uploads\/2020\/11\/MCE_Preisliste_2018-1.jpg\" alt=\"\" class=\"wp-image-292\"\/><\/a><\/figure>\n<\/div>\n\n\n\n<div class=\"wp-block-column is-layout-flow wp-block-column-is-layout-flow\" style=\"flex-basis:70%\">\n<p class=\"button\"><a href=\"https:\/\/www.medien-centrum-ellwangen.de\/www\/wp-content\/uploads\/2026\/03\/MCE_Preisliste_Kunden_2026_web.pdf\" data-type=\"link\" data-id=\"https:\/\/www.medien-centrum-ellwangen.de\/www\/wp-content\/uploads\/2024\/02\/MCE_Preisliste_Kunden_KW01_2024.pdf\" target=\"_blank\" rel=\"noreferrer noopener\">> PREISLISTE DIREKTKUNDEN<\/a><\/p>\n<\/div>\n<\/div>\n<\/div>\n\n\n\n<div class=\"wp-block-column is-layout-flow wp-block-column-is-layout-flow\">\n<div class=\"wp-block-columns is-layout-flex wp-container-core-columns-is-layout-9d6595d7 wp-block-columns-is-layout-flex\">\n<div class=\"wp-block-column is-layout-flow wp-block-column-is-layout-flow\" style=\"flex-basis:30%\">\n<figure class=\"wp-block-image size-large is-style-default\"><a href=\"https:\/\/www.medien-centrum-ellwangen.de\/www\/wp-content\/uploads\/2021\/04\/MCE_Preisliste_Agentur_2021.pdf\" target=\"_blank\" rel=\"noopener noreferrer\"><img loading=\"lazy\" decoding=\"async\" width=\"200\" height=\"283\" src=\"https:\/\/www.medien-centrum-ellwangen.de\/www\/wp-content\/uploads\/2020\/11\/MCE_Preisliste_2018-1.jpg\" alt=\"\" class=\"wp-image-292\"\/><\/a><\/figure>\n<\/div>\n\n\n\n<div class=\"wp-block-column is-layout-flow wp-block-column-is-layout-flow\" style=\"flex-basis:70%\">\n<p class=\"button\"><a href=\"https:\/\/www.medien-centrum-ellwangen.de\/www\/wp-content\/uploads\/2026\/03\/MCE_Preisliste_Agentur_2026_web.pdf\" data-type=\"link\" data-id=\"https:\/\/www.medien-centrum-ellwangen.de\/www\/wp-content\/uploads\/2024\/02\/MCE_Preisliste_Agentur_KW_01.2024.pdf\" target=\"_blank\" rel=\"noreferrer noopener\">> PREISLISTE F\u00dcR AGENTUREN<\/a><\/p>\n<\/div>\n<\/div>\n<\/div>\n<\/div>\n\n\n\n<p><\/p>\n","protected":false},"excerpt":{"rendered":"<p>Anzeigenpreisliste mit Kombi-Rabatten, Auflagen und Verbreitungsgebiet sowie Beispielgr\u00f6\u00dfen. Auf der letzten Seite finden Sie die Redaktions- und Anzeigenschlu\u0308sse je Amtsblatt. (Bei Feiertagen werden Annahmeschluss, Druck und Verteilungstermin in der Regel um einen Arbeitstag vorverlegt.) Damit Sie sich die PDF-Datei anschauen k\u00f6nnen, ben\u00f6tigen Sie den Acrobat Reader. > PREISLISTE DIREKTKUNDEN > PREISLISTE F\u00dcR AGENTUREN<\/p>\n","protected":false},"author":1,"featured_media":0,"parent":63,"menu_order":0,"comment_status":"closed","ping_status":"closed","template":"","meta":{"footnotes":""},"class_list":["post-65","page","type-page","status-publish","hentry"],"_links":{"self":[{"href":"https:\/\/www.medien-centrum-ellwangen.de\/www\/wp-json\/wp\/v2\/pages\/65","targetHints":{"allow":["GET"]}}],"collection":[{"href":"https:\/\/www.medien-centrum-ellwangen.de\/www\/wp-json\/wp\/v2\/pages"}],"about":[{"href":"https:\/\/www.medien-centrum-ellwangen.de\/www\/wp-json\/wp\/v2\/types\/page"}],"author":[{"embeddable":true,"href":"https:\/\/www.medien-centrum-ellwangen.de\/www\/wp-json\/wp\/v2\/users\/1"}],"replies":[{"embeddable":true,"href":"https:\/\/www.medien-centrum-ellwangen.de\/www\/wp-json\/wp\/v2\/comments?post=65"}],"version-history":[{"count":2,"href":"https:\/\/www.medien-centrum-ellwangen.de\/www\/wp-json\/wp\/v2\/pages\/65\/revisions"}],"predecessor-version":[{"id":12264,"href":"https:\/\/www.medien-centrum-ellwangen.de\/www\/wp-json\/wp\/v2\/pages\/65\/revisions\/12264"}],"up":[{"embeddable":true,"href":"https:\/\/www.medien-centrum-ellwangen.de\/www\/wp-json\/wp\/v2\/pages\/63"}],"wp:attachment":[{"href":"https:\/\/www.medien-centrum-ellwangen.de\/www\/wp-json\/wp\/v2\/media?parent=65"}],"curies":[{"name":"wp","href":"https:\/\/api.w.org\/{rel}","templated":true}]}}