{"id":71,"date":"2020-11-11T10:52:41","date_gmt":"2020-11-11T09:52:41","guid":{"rendered":"http:\/\/www.medien-centrum-ellwangen.de\/www\/?page_id=71"},"modified":"2024-03-08T10:56:02","modified_gmt":"2024-03-08T09:56:02","slug":"anzeige-aufgeben","status":"publish","type":"page","link":"https:\/\/www.medien-centrum-ellwangen.de\/www\/anzeigen\/anzeige-aufgeben\/","title":{"rendered":"Anzeige aufgeben"},"content":{"rendered":"\n<div class=\"wp-block-columns is-layout-flex wp-container-core-columns-is-layout-9d6595d7 wp-block-columns-is-layout-flex\">\n<div class=\"wp-block-column is-layout-flow wp-block-column-is-layout-flow\">\n<p><strong>Anzeigenformular online ausf\u00fcllen:<\/strong><\/p>\n\n\n\n<p class=\"button\"><a href=\"https:\/\/www.medien-centrum-ellwangen.de\/www\/anzeigen\/anzeigenformular\/\">hier gehts zum Online-Formular &gt;&gt;&gt;<\/a><\/p>\n<\/div>\n\n\n\n<div class=\"wp-block-column is-layout-flow wp-block-column-is-layout-flow\">\n<p><strong>Anzeigenformular zum Download<\/strong><\/p>\n\n\n\n<p class=\"button\"><a href=\"https:\/\/www.medien-centrum-ellwangen.de\/www\/wp-content\/uploads\/2024\/03\/anzeigen-formular.pdf\" target=\"_blank\" rel=\"noreferrer noopener\">Anzeigen-Formular als PDF<\/a><\/p>\n<\/div>\n<\/div>\n\n\n\n<hr class=\"wp-block-separator has-css-opacity\"\/>\n\n\n\n<h4 class=\"wp-block-heading\">Nutzen Sie unser Formular, schicken Sie uns Ihre Daten per E-Mail oder rufen Sie uns an.<br>Sie k\u00f6nnen auch unser online-Formular nutzen und Ihre Daten per upload-Funktion \u00fcbersenden.<\/h4>\n\n\n\n<p>Um die Preise zu kalkulieren, k\u00f6nnen Sie vorab unseren Kalkulatur benutzen.<\/p>\n\n\n\n<div style=\"height:244px\" aria-hidden=\"true\" class=\"wp-block-spacer\"><\/div>\n","protected":false},"excerpt":{"rendered":"<p>Anzeigenformular online ausf\u00fcllen: hier gehts zum Online-Formular &gt;&gt;&gt; Anzeigenformular zum Download Anzeigen-Formular als PDF Nutzen Sie unser Formular, schicken Sie uns Ihre Daten per E-Mail oder rufen Sie uns an.Sie k\u00f6nnen auch unser online-Formular nutzen und Ihre Daten per upload-Funktion \u00fcbersenden. Um die Preise zu kalkulieren, k\u00f6nnen Sie vorab unseren Kalkulatur benutzen.<\/p>\n","protected":false},"author":1,"featured_media":0,"parent":63,"menu_order":0,"comment_status":"closed","ping_status":"closed","template":"page-sidebar.php","meta":{"footnotes":""},"class_list":["post-71","page","type-page","status-publish","hentry"],"_links":{"self":[{"href":"https:\/\/www.medien-centrum-ellwangen.de\/www\/wp-json\/wp\/v2\/pages\/71","targetHints":{"allow":["GET"]}}],"collection":[{"href":"https:\/\/www.medien-centrum-ellwangen.de\/www\/wp-json\/wp\/v2\/pages"}],"about":[{"href":"https:\/\/www.medien-centrum-ellwangen.de\/www\/wp-json\/wp\/v2\/types\/page"}],"author":[{"embeddable":true,"href":"https:\/\/www.medien-centrum-ellwangen.de\/www\/wp-json\/wp\/v2\/users\/1"}],"replies":[{"embeddable":true,"href":"https:\/\/www.medien-centrum-ellwangen.de\/www\/wp-json\/wp\/v2\/comments?post=71"}],"version-history":[{"count":0,"href":"https:\/\/www.medien-centrum-ellwangen.de\/www\/wp-json\/wp\/v2\/pages\/71\/revisions"}],"up":[{"embeddable":true,"href":"https:\/\/www.medien-centrum-ellwangen.de\/www\/wp-json\/wp\/v2\/pages\/63"}],"wp:attachment":[{"href":"https:\/\/www.medien-centrum-ellwangen.de\/www\/wp-json\/wp\/v2\/media?parent=71"}],"curies":[{"name":"wp","href":"https:\/\/api.w.org\/{rel}","templated":true}]}}