{"id":749,"date":"2021-04-29T14:59:38","date_gmt":"2021-04-29T12:59:38","guid":{"rendered":"http:\/\/www.medien-centrum-ellwangen.de\/www\/?page_id=749"},"modified":"2024-09-04T13:12:22","modified_gmt":"2024-09-04T11:12:22","slug":"ueberuns","status":"publish","type":"page","link":"https:\/\/www.medien-centrum-ellwangen.de\/www\/verlag\/ueberuns\/","title":{"rendered":"\u00dcber uns"},"content":{"rendered":"\n<hr class=\"wp-block-separator has-css-opacity\"\/>\n\n\n\n<div class=\"wp-block-columns is-layout-flex wp-container-core-columns-is-layout-9d6595d7 wp-block-columns-is-layout-flex\">\n<div class=\"wp-block-column is-layout-flow wp-block-column-is-layout-flow\">\n<figure class=\"wp-block-image size-large\"><img loading=\"lazy\" decoding=\"async\" width=\"1000\" height=\"689\" src=\"https:\/\/www.medien-centrum-ellwangen.de\/www\/wp-content\/uploads\/2021\/04\/Bild-6.jpg\" alt=\"\" class=\"wp-image-746\" srcset=\"https:\/\/www.medien-centrum-ellwangen.de\/www\/wp-content\/uploads\/2021\/04\/Bild-6.jpg 1000w, https:\/\/www.medien-centrum-ellwangen.de\/www\/wp-content\/uploads\/2021\/04\/Bild-6-300x207.jpg 300w, https:\/\/www.medien-centrum-ellwangen.de\/www\/wp-content\/uploads\/2021\/04\/Bild-6-768x529.jpg 768w\" sizes=\"auto, (max-width: 1000px) 100vw, 1000px\" \/><\/figure>\n<\/div>\n\n\n\n<div class=\"wp-block-column is-layout-flow wp-block-column-is-layout-flow\">\n<h2 class=\"wp-block-heading mce\"><strong>Das MCE<\/strong><\/h2>\n\n\n\n<p>Die Medien-Centrum Ellwangen GmbH ist eine noch relativ junge Gesellschaft und kann trotzdem schon auf eine lange Tradition in Sachen Amts- und Gemeindeblatt-Herstellung zur\u00fcckblicken.<\/p>\n\n\n\n<p>Die 2017 neu gegr\u00fcndete MCE GmbH ist aus dem Amtsblattverlag Cicero und der Druckerei Opferkuch GmbH hervorgegangen, die ihrerseits bereits seit \u00fcber 60 Jahren unter anderem auch mit dem Druck von Mitteilungsbl\u00e4ttern betraut ist.<\/p>\n\n\n\n<p>Bei ausschlie\u00dflich graphischen Fachkr\u00e4ften sind Ihre Anzeigenauftr\u00e4ge in kreativen und erfahrenen H\u00e4nden. Und das ohne zus\u00e4tzliche Kosten.<\/p>\n\n\n\n<p>Heute druckt und verteilt der Verlag w\u00f6chentlich in 13 St\u00e4dten und Gemeinden des Ostalbkreises in einer Gesamtauflage von 29.000 Exemplaren. Gr\u00f6\u00dftes Objekt ist dabei die Ellwanger Stadtinfo, die mit einer Auflage von 12.200 alle Haushalte in und um die Virngrundstadt erreicht.<\/p>\n<\/div>\n<\/div>\n\n\n\n<hr class=\"wp-block-separator has-css-opacity\"\/>\n\n\n\n<div class=\"wp-block-columns is-layout-flex wp-container-core-columns-is-layout-9d6595d7 wp-block-columns-is-layout-flex\">\n<div class=\"wp-block-column is-layout-flow wp-block-column-is-layout-flow\">\n<h2 class=\"wp-block-heading mce\"><strong>Werbung, die ankommt<\/strong><\/h2>\n\n\n\n<p>Anzeigenwerbung in den Amtsbl\u00e4ttern der Region ist attraktiv und effektiv.<\/p>\n\n\n\n<p>Amts- und Gemeindebl\u00e4tter sind sehr beachtete Printmedien mit einer sehr hohen Erreichbarkeit f\u00fcr Anzeigenwerbung und haben ein au\u00dferordentlich g\u00fcnstiges Preis-Leistungs-Verh\u00e4ltnis.&nbsp;<\/p>\n\n\n\n<p>In den meisten Standorten werden fl\u00e4chendeckend alle oder ein Gro\u00dfteil der Haushalte erreicht. G\u00fcnstige Kombi-Angebote machen es m\u00f6glich, ganz gezielt in der Region zu werben. Gemeinsam mit unserem Verlags-Partner Krieger-Verlag Blaufelden decken wir mit 28 St\u00e4dten und Gemeinden den Ostalbkreis fast vollst\u00e4ndig ab.<\/p>\n\n\n\n<p>Unsere 13 St\u00e4dte und Gemeinden \u00fcbergreifenden Themenbeilagen bieten unseren Kunden die M\u00f6glichkeit, viel Information an viele Kunden zum kleinen Preis zu bringen.<\/p>\n\n\n\n<p>Fragen Sie nach den aktuellen Themen und Terminen.<\/p>\n<\/div>\n<\/div>\n\n\n\n<hr class=\"wp-block-separator has-css-opacity\"\/>\n\n\n\n<div class=\"wp-block-columns is-layout-flex wp-container-core-columns-is-layout-9d6595d7 wp-block-columns-is-layout-flex\">\n<div class=\"wp-block-column is-layout-flow wp-block-column-is-layout-flow\">\n<figure class=\"wp-block-image size-large\"><img loading=\"lazy\" decoding=\"async\" width=\"800\" height=\"725\" src=\"https:\/\/www.medien-centrum-ellwangen.de\/www\/wp-content\/uploads\/2021\/04\/Bild-7.jpg\" alt=\"\" class=\"wp-image-747\" srcset=\"https:\/\/www.medien-centrum-ellwangen.de\/www\/wp-content\/uploads\/2021\/04\/Bild-7.jpg 800w, https:\/\/www.medien-centrum-ellwangen.de\/www\/wp-content\/uploads\/2021\/04\/Bild-7-300x272.jpg 300w, https:\/\/www.medien-centrum-ellwangen.de\/www\/wp-content\/uploads\/2021\/04\/Bild-7-768x696.jpg 768w\" sizes=\"auto, (max-width: 800px) 100vw, 800px\" \/><\/figure>\n<\/div>\n\n\n\n<div class=\"wp-block-column is-layout-flow wp-block-column-is-layout-flow\">\n<h2 class=\"wp-block-heading mce\"><strong>Mit uns erreichen Sie Alle<\/strong><\/h2>\n\n\n\n<p>Gerne helfen wir Ihnen, dass Ihr Angebot oder Gesuch bei den B\u00fcrgern Beachtung findet.<\/p>\n\n\n\n<p>Wir freuen uns sehr auf Ihren Anruf.<\/p>\n<\/div>\n<\/div>\n\n\n\n<div style=\"height:100px\" aria-hidden=\"true\" class=\"wp-block-spacer\"><\/div>\n","protected":false},"excerpt":{"rendered":"<p>Das MCE Die Medien-Centrum Ellwangen GmbH ist eine noch relativ junge Gesellschaft und kann trotzdem schon auf eine lange Tradition in Sachen Amts- und Gemeindeblatt-Herstellung zur\u00fcckblicken. Die 2017 neu gegr\u00fcndete MCE GmbH ist aus dem Amtsblattverlag Cicero und der Druckerei Opferkuch GmbH hervorgegangen, die ihrerseits bereits seit \u00fcber 60 Jahren unter anderem auch mit dem [&hellip;]<\/p>\n","protected":false},"author":1,"featured_media":0,"parent":41,"menu_order":0,"comment_status":"closed","ping_status":"closed","template":"","meta":{"footnotes":""},"class_list":["post-749","page","type-page","status-publish","hentry"],"_links":{"self":[{"href":"https:\/\/www.medien-centrum-ellwangen.de\/www\/wp-json\/wp\/v2\/pages\/749","targetHints":{"allow":["GET"]}}],"collection":[{"href":"https:\/\/www.medien-centrum-ellwangen.de\/www\/wp-json\/wp\/v2\/pages"}],"about":[{"href":"https:\/\/www.medien-centrum-ellwangen.de\/www\/wp-json\/wp\/v2\/types\/page"}],"author":[{"embeddable":true,"href":"https:\/\/www.medien-centrum-ellwangen.de\/www\/wp-json\/wp\/v2\/users\/1"}],"replies":[{"embeddable":true,"href":"https:\/\/www.medien-centrum-ellwangen.de\/www\/wp-json\/wp\/v2\/comments?post=749"}],"version-history":[{"count":0,"href":"https:\/\/www.medien-centrum-ellwangen.de\/www\/wp-json\/wp\/v2\/pages\/749\/revisions"}],"up":[{"embeddable":true,"href":"https:\/\/www.medien-centrum-ellwangen.de\/www\/wp-json\/wp\/v2\/pages\/41"}],"wp:attachment":[{"href":"https:\/\/www.medien-centrum-ellwangen.de\/www\/wp-json\/wp\/v2\/media?parent=749"}],"curies":[{"name":"wp","href":"https:\/\/api.w.org\/{rel}","templated":true}]}}