{"id":79,"date":"2020-11-11T10:56:11","date_gmt":"2020-11-11T09:56:11","guid":{"rendered":"http:\/\/www.medien-centrum-ellwangen.de\/www\/?page_id=79"},"modified":"2026-02-08T17:10:55","modified_gmt":"2026-02-08T16:10:55","slug":"abo","status":"publish","type":"page","link":"https:\/\/www.medien-centrum-ellwangen.de\/www\/service\/abo\/","title":{"rendered":"Abo-Service"},"content":{"rendered":"\n<h4 class=\"wp-block-heading bg-dunkel title\">Neubestellung, Umzug\/Adress\u00e4nderung oder K\u00fcndigung<\/h4>\n\n\n\n<p>Tel. 07961 57938-30<\/p>\n\n\n\n<hr class=\"wp-block-separator has-css-opacity\"\/>\n\n\n\n<h4 class=\"wp-block-heading bg-dunkel title\">Aboformulare zum Download<\/h4>\n\n\n\n<div class=\"wp-block-columns is-layout-flex wp-container-core-columns-is-layout-9d6595d7 wp-block-columns-is-layout-flex\">\n<div class=\"wp-block-column is-layout-flow wp-block-column-is-layout-flow\">\n<p class=\"button block\"><a href=\"https:\/\/www.medien-centrum-ellwangen.de\/www\/wp-content\/uploads\/2026\/02\/ABO_Adelmannsfelden_2026.pdf\" data-type=\"link\" data-id=\"https:\/\/www.medien-centrum-ellwangen.de\/www\/wp-content\/uploads\/2024\/02\/ABO-Adelmannsfelden_A4_2024.pdf\" target=\"_blank\" rel=\"noreferrer noopener\">Adelmannsfelden<\/a><\/p>\n<\/div>\n\n\n\n<div class=\"wp-block-column is-layout-flow wp-block-column-is-layout-flow\">\n<p class=\"button block\"><a href=\"https:\/\/www.medien-centrum-ellwangen.de\/www\/wp-content\/uploads\/2026\/02\/ABO_Fachsenfeld_Dewangen_2026.pdf\" target=\"_blank\" rel=\"noreferrer noopener\">Fachsenfeld-Dewangen<\/a><\/p>\n<\/div>\n\n\n\n<div class=\"wp-block-column is-layout-flow wp-block-column-is-layout-flow\">\n<p class=\"button block\"><a href=\"https:\/\/www.medien-centrum-ellwangen.de\/www\/wp-content\/uploads\/2025\/01\/ABO-WAZ_A4_2025.pdf\" target=\"_blank\" rel=\"noreferrer noopener\">Wasseralfingen<\/a><\/p>\n<\/div>\n<\/div>\n\n\n\n<div class=\"wp-block-columns is-layout-flex wp-container-core-columns-is-layout-9d6595d7 wp-block-columns-is-layout-flex\">\n<div class=\"wp-block-column is-layout-flow wp-block-column-is-layout-flow\">\n<p class=\"button block\"><a href=\"https:\/\/www.medien-centrum-ellwangen.de\/www\/wp-content\/uploads\/2024\/12\/ABO-Westhausen_A4_2025.pdf\" data-type=\"attachment\" data-id=\"12220\" target=\"_blank\" rel=\"noreferrer noopener\">Westhausen<\/a><\/p>\n<\/div>\n\n\n\n<div class=\"wp-block-column is-layout-flow wp-block-column-is-layout-flow\">\n<p class=\"button block\"><a href=\"https:\/\/www.medien-centrum-ellwangen.de\/www\/wp-content\/uploads\/2026\/02\/ABO_Laucheim_2026.pdf\" target=\"_blank\" rel=\"noreferrer noopener\">Lauchheim<\/a><\/p>\n<\/div>\n\n\n\n<div class=\"wp-block-column is-layout-flow wp-block-column-is-layout-flow\">\n<p class=\"button block\"><a href=\"https:\/\/www.medien-centrum-ellwangen.de\/www\/wp-content\/uploads\/2025\/01\/ABO-Neuler_A4_2025.pdf\" target=\"_blank\" rel=\"noreferrer noopener\">Neuler<\/a><\/p>\n<\/div>\n<\/div>\n\n\n\n<div class=\"wp-block-columns is-layout-flex wp-container-core-columns-is-layout-9d6595d7 wp-block-columns-is-layout-flex\">\n<div class=\"wp-block-column is-layout-flow wp-block-column-is-layout-flow\">\n<p class=\"button block\"><a href=\"https:\/\/www.medien-centrum-ellwangen.de\/www\/wp-content\/uploads\/2026\/02\/ABO_Stoedtlen_2026.pdf\" data-type=\"link\" data-id=\"https:\/\/www.medien-centrum-ellwangen.de\/www\/wp-content\/uploads\/2024\/02\/ABO-Stoedtlen_A4_2024.pdf\" target=\"_blank\" rel=\"noreferrer noopener\">St\u00f6dtlen<\/a><\/p>\n<\/div>\n\n\n\n<div class=\"wp-block-column is-layout-flow wp-block-column-is-layout-flow\">\n<p class=\"button block\"><a href=\"https:\/\/www.medien-centrum-ellwangen.de\/www\/wp-content\/uploads\/2026\/02\/ABO_Ruppertshofen_2026.pdf\" data-type=\"link\" data-id=\"https:\/\/www.medien-centrum-ellwangen.de\/www\/wp-content\/uploads\/2024\/02\/ABO-Ruppertshofen_A4_2024.pdf\" target=\"_blank\" rel=\"noreferrer noopener\">Ruppertshofen<\/a><\/p>\n<\/div>\n\n\n\n<div class=\"wp-block-column is-layout-flow wp-block-column-is-layout-flow\">\n<p class=\"button block\"><a href=\"https:\/\/www.medien-centrum-ellwangen.de\/www\/wp-content\/uploads\/2026\/02\/ABO_Taeferrot_2026.pdf\" target=\"_blank\" rel=\"noreferrer noopener\">T\u00e4ferrot<\/a><\/p>\n<\/div>\n<\/div>\n\n\n\n<div class=\"wp-block-columns is-layout-flex wp-container-core-columns-is-layout-9d6595d7 wp-block-columns-is-layout-flex\">\n<div class=\"wp-block-column is-layout-flow wp-block-column-is-layout-flow\">\n<p class=\"button block\"><a href=\"https:\/\/www.medien-centrum-ellwangen.de\/www\/wp-content\/uploads\/2026\/02\/ABO_Abtsgmuend_2026.pdf\" target=\"_blank\" rel=\"noreferrer noopener\">Abtsgm\u00fcnd<\/a><\/p>\n<\/div>\n\n\n\n<div class=\"wp-block-column is-layout-flow wp-block-column-is-layout-flow\">\n<p class=\"button block\"><a href=\"https:\/\/www.medien-centrum-ellwangen.de\/www\/wp-content\/uploads\/2026\/02\/ABO_Bopfingen_2026.pdf\" data-type=\"link\" data-id=\"https:\/\/www.medien-centrum-ellwangen.de\/www\/wp-content\/uploads\/2024\/02\/ABO-Bopfingen.pdf\" target=\"_blank\" rel=\"noreferrer noopener\">Bopfingen<\/a><\/p>\n<\/div>\n\n\n\n<div class=\"wp-block-column is-layout-flow wp-block-column-is-layout-flow\"><\/div>\n<\/div>\n\n\n\n<p><\/p>\n","protected":false},"excerpt":{"rendered":"<p>Neubestellung, Umzug\/Adress\u00e4nderung oder K\u00fcndigung Tel. 07961 57938-30 Aboformulare zum Download Adelmannsfelden Fachsenfeld-Dewangen Wasseralfingen Westhausen Lauchheim Neuler St\u00f6dtlen Ruppertshofen T\u00e4ferrot Abtsgm\u00fcnd Bopfingen<\/p>\n","protected":false},"author":1,"featured_media":0,"parent":77,"menu_order":0,"comment_status":"closed","ping_status":"closed","template":"","meta":{"footnotes":""},"class_list":["post-79","page","type-page","status-publish","hentry"],"_links":{"self":[{"href":"https:\/\/www.medien-centrum-ellwangen.de\/www\/wp-json\/wp\/v2\/pages\/79","targetHints":{"allow":["GET"]}}],"collection":[{"href":"https:\/\/www.medien-centrum-ellwangen.de\/www\/wp-json\/wp\/v2\/pages"}],"about":[{"href":"https:\/\/www.medien-centrum-ellwangen.de\/www\/wp-json\/wp\/v2\/types\/page"}],"author":[{"embeddable":true,"href":"https:\/\/www.medien-centrum-ellwangen.de\/www\/wp-json\/wp\/v2\/users\/1"}],"replies":[{"embeddable":true,"href":"https:\/\/www.medien-centrum-ellwangen.de\/www\/wp-json\/wp\/v2\/comments?post=79"}],"version-history":[{"count":2,"href":"https:\/\/www.medien-centrum-ellwangen.de\/www\/wp-json\/wp\/v2\/pages\/79\/revisions"}],"predecessor-version":[{"id":12253,"href":"https:\/\/www.medien-centrum-ellwangen.de\/www\/wp-json\/wp\/v2\/pages\/79\/revisions\/12253"}],"up":[{"embeddable":true,"href":"https:\/\/www.medien-centrum-ellwangen.de\/www\/wp-json\/wp\/v2\/pages\/77"}],"wp:attachment":[{"href":"https:\/\/www.medien-centrum-ellwangen.de\/www\/wp-json\/wp\/v2\/media?parent=79"}],"curies":[{"name":"wp","href":"https:\/\/api.w.org\/{rel}","templated":true}]}}