{"id":95,"date":"2020-11-11T11:03:37","date_gmt":"2020-11-11T10:03:37","guid":{"rendered":"http:\/\/www.medien-centrum-ellwangen.de\/www\/?page_id=95"},"modified":"2026-04-09T11:25:30","modified_gmt":"2026-04-09T09:25:30","slug":"impressum","status":"publish","type":"page","link":"https:\/\/www.medien-centrum-ellwangen.de\/www\/verlag\/impressum\/","title":{"rendered":"Impressum"},"content":{"rendered":"\n<p>Medien-Centrum Ellwangen GmbH<br>Obere Br\u00fchlstra\u00dfe 14<br>73479 Ellwangen<br>Telefon 0 79 61\/5 79 38-0<br>E-Mail: anzeigen@medien-centrum-ellwangen.de<br>Web:\u00a0<a href=\"http:\/\/www.medien-centrum-ellwangen.de\/\">www.medien-centrum-ellwangen.de<\/a><\/p>\n\n\n\n<h4 class=\"wp-block-heading\"><strong>Rechtliche Hinweise<\/strong><\/h4>\n\n\n\n<p>Gesch\u00e4ftsf\u00fchrer: Klaus Opferkuch<br>Ust-IdNr. DE 313788567<br>Amtsgericht Ulm HRB 735571<\/p>\n\n\n\n<p><strong>Urheberrecht und andere Schutzrechte<\/strong><\/p>\n\n\n\n<p>Copyright 2026 Medien-Centrum Ellwangen GmbH. Alle Rechte vorbehalten. S\u00e4mtliche Inhalte der Website einschlie\u00dflich der Markenzeichen und Titel der Medien-Centrum Ellwangen GmbH unterliegen dem Schutz des Urheberrechtsgesetzes bzw. anderer Schutzgesetze. Sie d\u00fcrfen ohne Einwilligung der Medien-Centrum Ellwangen GmbH u. a. weder vervielf\u00e4ltigt, verbreitet noch \u00f6ffentlich zug\u00e4nglich gemacht werden.<\/p>\n\n\n\n<p><strong>Gew\u00e4hrleistung und Haftung<\/strong><\/p>\n\n\n\n<p>Die Medien-Centrum Ellwangen GmbH bem\u00fcht sich im Rahmen des Zumutbaren, auf dieser Website richtige und vollst\u00e4ndige Informationen zur Verf\u00fcgung zu stellen. Eine Gew\u00e4hrleistung oder Haftung f\u00fcr die Informationen, insbesondere f\u00fcr deren Vollst\u00e4ndigkeit, Richtigkeit und Aktualit\u00e4t, kann jedoch nicht \u00fcbernommen werden. Jegliche Haftung f\u00fcr Sch\u00e4den, die direkt oder indirekt aus der Benutzung dieser Website entstehen, wird ausgeschlossen, soweit diese nicht auf Vorsatz oder grober Fahrl\u00e4ssigkeit der Medien-Centrum Ellwangen GmbH oder ihrer Erf\u00fcllungsgehilfen beruhen. Die Website der Medien-Centrum Ellwangen GmbH enth\u00e4lt Links zu anderen Websites. Die Medien-Centrum Ellwangen GmbH ist f\u00fcr den Inhalt dieser anderen Websites nicht verantwortlich und distanziert sich ausdr\u00fccklich davon. Die Medien-Centrum Ellwangen GmbH beh\u00e4lt sich das Recht vor, ohne vorherige Ank\u00fcndigung \u00c4nderungen oder Erg\u00e4nzungen der bereitgestellten Informationen vorzunehmen.<\/p>\n\n\n\n<p><strong>Externe Links<\/strong><\/p>\n\n\n\n<p>Trotz sorgf\u00e4ltiger inhaltlicher Kontrolle \u00fcbernehmen wir keine Haftung f\u00fcr die Inhalte externer Links. F\u00fcr den Inhalt der verlinkten Seiten sind ausschlie\u00dflich deren Betreiber verantwortlich.<\/p>\n","protected":false},"excerpt":{"rendered":"<p>Medien-Centrum Ellwangen GmbHObere Br\u00fchlstra\u00dfe 1473479 EllwangenTelefon 0 79 61\/5 79 38-0E-Mail: anzeigen@medien-centrum-ellwangen.deWeb:\u00a0www.medien-centrum-ellwangen.de Rechtliche Hinweise Gesch\u00e4ftsf\u00fchrer: Klaus OpferkuchUst-IdNr. DE 313788567Amtsgericht Ulm HRB 735571 Urheberrecht und andere Schutzrechte Copyright 2026 Medien-Centrum Ellwangen GmbH. Alle Rechte vorbehalten. S\u00e4mtliche Inhalte der Website einschlie\u00dflich der Markenzeichen und Titel der Medien-Centrum Ellwangen GmbH unterliegen dem Schutz des Urheberrechtsgesetzes bzw. anderer Schutzgesetze. [&hellip;]<\/p>\n","protected":false},"author":1,"featured_media":0,"parent":41,"menu_order":0,"comment_status":"closed","ping_status":"closed","template":"","meta":{"footnotes":""},"class_list":["post-95","page","type-page","status-publish","hentry"],"_links":{"self":[{"href":"https:\/\/www.medien-centrum-ellwangen.de\/www\/wp-json\/wp\/v2\/pages\/95","targetHints":{"allow":["GET"]}}],"collection":[{"href":"https:\/\/www.medien-centrum-ellwangen.de\/www\/wp-json\/wp\/v2\/pages"}],"about":[{"href":"https:\/\/www.medien-centrum-ellwangen.de\/www\/wp-json\/wp\/v2\/types\/page"}],"author":[{"embeddable":true,"href":"https:\/\/www.medien-centrum-ellwangen.de\/www\/wp-json\/wp\/v2\/users\/1"}],"replies":[{"embeddable":true,"href":"https:\/\/www.medien-centrum-ellwangen.de\/www\/wp-json\/wp\/v2\/comments?post=95"}],"version-history":[{"count":4,"href":"https:\/\/www.medien-centrum-ellwangen.de\/www\/wp-json\/wp\/v2\/pages\/95\/revisions"}],"predecessor-version":[{"id":12270,"href":"https:\/\/www.medien-centrum-ellwangen.de\/www\/wp-json\/wp\/v2\/pages\/95\/revisions\/12270"}],"up":[{"embeddable":true,"href":"https:\/\/www.medien-centrum-ellwangen.de\/www\/wp-json\/wp\/v2\/pages\/41"}],"wp:attachment":[{"href":"https:\/\/www.medien-centrum-ellwangen.de\/www\/wp-json\/wp\/v2\/media?parent=95"}],"curies":[{"name":"wp","href":"https:\/\/api.w.org\/{rel}","templated":true}]}}